{"id":184,"date":"2024-09-19T14:31:34","date_gmt":"2024-09-19T11:31:34","guid":{"rendered":"https:\/\/dynamicdescaler.tr\/?page_id=184"},"modified":"2024-09-20T13:07:39","modified_gmt":"2024-09-20T10:07:39","slug":"blog","status":"publish","type":"page","link":"https:\/\/dynamicdescaler.tr\/en\/blog\/","title":{"rendered":"Blog"},"content":{"rendered":"<div  class='flex_column av-98s2w-b582287bc4caf6a08151cc7335220587 av_one_full  avia-builder-el-0  avia-builder-el-no-sibling  first flex_column_div'     ><div id='av-masonry-1' class='av-masonry av-9vubs-411f2742a2e17cca8c247a09c1aab511 noHover av-fixed-size av-large-gap av-hover-overlay-bluronhover av-masonry-animation-active av-masonry-col-4 av-caption-always av-caption-style-overlay av-masonry-entries av-desktop-columns-overwrite av-desktop-columns-4 av-orientation-portrait' data-post_id=\"184\"><div class=\"av-masonry-container isotope av-js-disabled\"><div class='av-masonry-entry isotope-item av-masonry-item-no-image all_sort blog_sort'><\/div><a href=\"https:\/\/dynamicdescaler.tr\/en\/endustriyel-kirec-cozucu\/\"  id='av-masonry-1-item-341' data-av-masonry-item='341' class='av-masonry-entry isotope-item post-341 post type-post status-publish format-standard has-post-thumbnail hentry category-blog tag-endustriyel-kirec-cozucu tag-endustriyel-kirec-cozucu-fiyatlari tag-endustriyel-kirec-cozucu-kimyasallar tag-endustriyel-kirec-cozucu-saticilari all_sort blog_sort  av-masonry-item-with-image' title=\"endustriyel-kirec-cozucu\"   itemscope=\"itemscope\" itemtype=\"https:\/\/schema.org\/CreativeWork\" ><div class='av-inner-masonry-sizer'><\/div><figure class='av-inner-masonry main_color'><div class=\"av-masonry-outerimage-container\"><div class='av-masonry-image-container' style=\"background-image: url(https:\/\/dynamicdescaler.tr\/wp-content\/uploads\/2024\/09\/endustriyel-kirec-cozucu-705x397.jpg);\"  title=\"endustriyel-kirec-cozucu\" ><\/div><\/div><figcaption class='av-inner-masonry-content site-background'><div class='av-inner-masonry-content-pos'><div class='av-inner-masonry-content-pos-content'><div class='avia-arrow'><\/div><h3 class='av-masonry-entry-title entry-title'  itemprop=\"headline\" >End\u00fcstriyel Kire\u00e7 \u00c7\u00f6z\u00fcc\u00fc<\/h3><span class='av-masonry-date meta-color updated'>September 19, 2024<\/span><span class=\"av-masonry-text-sep text-sep-author\">\/<\/span><span class='av-masonry-author meta-color author'><span class='fn'>by admin<\/span><\/span><\/div><\/div><\/figcaption><\/figure><\/a><!--end av-masonry entry--><a href=\"https:\/\/dynamicdescaler.tr\/en\/descaling-liquid\/\"  id='av-masonry-1-item-339' data-av-masonry-item='339' class='av-masonry-entry isotope-item post-339 post type-post status-publish format-standard has-post-thumbnail hentry category-blog tag-descaling-liquid tag-descaling-liquid-25-ltr tag-descaling-liquid-fiyatlari tag-descaling-liquid-saticilari all_sort blog_sort  av-masonry-item-with-image' title=\"descaling-liquid\"   itemscope=\"itemscope\" itemtype=\"https:\/\/schema.org\/CreativeWork\" ><div class='av-inner-masonry-sizer'><\/div><figure class='av-inner-masonry main_color'><div class=\"av-masonry-outerimage-container\"><div class='av-masonry-image-container' style=\"background-image: url(https:\/\/dynamicdescaler.tr\/wp-content\/uploads\/2024\/09\/descaling-liquid-705x397.jpg);\"  title=\"descaling-liquid\" ><\/div><\/div><figcaption class='av-inner-masonry-content site-background'><div class='av-inner-masonry-content-pos'><div class='av-inner-masonry-content-pos-content'><div class='avia-arrow'><\/div><h3 class='av-masonry-entry-title entry-title'  itemprop=\"headline\" >Descaling Liquid<\/h3><span class='av-masonry-date meta-color updated'>September 19, 2024<\/span><span class=\"av-masonry-text-sep text-sep-author\">\/<\/span><span class='av-masonry-author meta-color author'><span class='fn'>by admin<\/span><\/span><\/div><\/div><\/figcaption><\/figure><\/a><!--end av-masonry entry--><a href=\"https:\/\/dynamicdescaler.tr\/en\/endustriyel-pas-sokucu\/\"  id='av-masonry-1-item-336' data-av-masonry-item='336' class='av-masonry-entry isotope-item post-336 post type-post status-publish format-standard has-post-thumbnail hentry category-blog tag-endustriyel-pas-sokucu tag-endustriyel-pas-sokucu-fiyatlari tag-endustriyel-pas-sokucu-kimyasal-fiyatlari all_sort blog_sort  av-masonry-item-with-image' title=\"endustriyel-pas-sokucu\"   itemscope=\"itemscope\" itemtype=\"https:\/\/schema.org\/CreativeWork\" ><div class='av-inner-masonry-sizer'><\/div><figure class='av-inner-masonry main_color'><div class=\"av-masonry-outerimage-container\"><div class='av-masonry-image-container' style=\"background-image: url(https:\/\/dynamicdescaler.tr\/wp-content\/uploads\/2024\/09\/endustriyel-pas-sokucu-705x397.jpg);\"  title=\"endustriyel-pas-sokucu\" ><\/div><\/div><figcaption class='av-inner-masonry-content site-background'><div class='av-inner-masonry-content-pos'><div class='av-inner-masonry-content-pos-content'><div class='avia-arrow'><\/div><h3 class='av-masonry-entry-title entry-title'  itemprop=\"headline\" >End\u00fcstriyel Pas S\u00f6k\u00fcc\u00fc<\/h3><span class='av-masonry-date meta-color updated'>September 19, 2024<\/span><span class=\"av-masonry-text-sep text-sep-author\">\/<\/span><span class='av-masonry-author meta-color author'><span class='fn'>by admin<\/span><\/span><\/div><\/div><\/figcaption><\/figure><\/a><!--end av-masonry entry--><a href=\"https:\/\/dynamicdescaler.tr\/en\/sanayi-tipi-kirec-cozucu\/\"  id='av-masonry-1-item-332' data-av-masonry-item='332' class='av-masonry-entry isotope-item post-332 post type-post status-publish format-standard has-post-thumbnail hentry category-blog tag-sanayi-tipi-kirec-cozucu tag-sanayi-tipi-kirec-cozucu-fiyatlari tag-sanayi-tipi-kirec-cozucu-kimyasal-fiyatlari all_sort blog_sort  av-masonry-item-with-image' title=\"Sanayi Tipi Kire\u00e7 \u00c7\u00f6z\u00fcc\u00fc\"   itemscope=\"itemscope\" itemtype=\"https:\/\/schema.org\/CreativeWork\" ><div class='av-inner-masonry-sizer'><\/div><figure class='av-inner-masonry main_color'><div class=\"av-masonry-outerimage-container\"><div class='av-masonry-image-container' style=\"background-image: url(https:\/\/dynamicdescaler.tr\/wp-content\/uploads\/2024\/09\/Sanayi-Tipi-Kirec-Cozucu-1-705x397.jpg);\"  title=\"Sanayi Tipi Kire\u00e7 \u00c7\u00f6z\u00fcc\u00fc\" ><\/div><\/div><figcaption class='av-inner-masonry-content site-background'><div class='av-inner-masonry-content-pos'><div class='av-inner-masonry-content-pos-content'><div class='avia-arrow'><\/div><h3 class='av-masonry-entry-title entry-title'  itemprop=\"headline\" >Sanayi Tipi Kire\u00e7 \u00c7\u00f6z\u00fcc\u00fc<\/h3><span class='av-masonry-date meta-color updated'>September 19, 2024<\/span><span class=\"av-masonry-text-sep text-sep-author\">\/<\/span><span class='av-masonry-author meta-color author'><span class='fn'>by admin<\/span><\/span><\/div><\/div><\/figcaption><\/figure><\/a><!--end av-masonry entry--><\/div><\/div><\/div>","protected":false},"excerpt":{"rendered":"","protected":false},"author":1,"featured_media":0,"parent":0,"menu_order":0,"comment_status":"closed","ping_status":"closed","template":"","meta":{"footnotes":""},"class_list":["post-184","page","type-page","status-publish","hentry"],"_links":{"self":[{"href":"https:\/\/dynamicdescaler.tr\/en\/wp-json\/wp\/v2\/pages\/184","targetHints":{"allow":["GET"]}}],"collection":[{"href":"https:\/\/dynamicdescaler.tr\/en\/wp-json\/wp\/v2\/pages"}],"about":[{"href":"https:\/\/dynamicdescaler.tr\/en\/wp-json\/wp\/v2\/types\/page"}],"author":[{"embeddable":true,"href":"https:\/\/dynamicdescaler.tr\/en\/wp-json\/wp\/v2\/users\/1"}],"replies":[{"embeddable":true,"href":"https:\/\/dynamicdescaler.tr\/en\/wp-json\/wp\/v2\/comments?post=184"}],"version-history":[{"count":4,"href":"https:\/\/dynamicdescaler.tr\/en\/wp-json\/wp\/v2\/pages\/184\/revisions"}],"predecessor-version":[{"id":366,"href":"https:\/\/dynamicdescaler.tr\/en\/wp-json\/wp\/v2\/pages\/184\/revisions\/366"}],"wp:attachment":[{"href":"https:\/\/dynamicdescaler.tr\/en\/wp-json\/wp\/v2\/media?parent=184"}],"curies":[{"name":"wp","href":"https:\/\/api.w.org\/{rel}","templated":true}]}}