{"id":19,"date":"2024-09-17T11:53:21","date_gmt":"2024-09-17T11:53:21","guid":{"rendered":"https:\/\/dynamicdescaler.tr\/?page_id=19"},"modified":"2024-09-20T13:06:50","modified_gmt":"2024-09-20T10:06:50","slug":"uygulamalar","status":"publish","type":"page","link":"https:\/\/dynamicdescaler.tr\/en\/uygulamalar\/","title":{"rendered":"Applications"},"content":{"rendered":"<div  class='flex_column av-1r8v7-24c8554ae3bb6fce52248e4e1b064632 av_two_third  avia-builder-el-0  el_before_av_one_third  avia-builder-el-first  first flex_column_div'     ><p>\n<style type=\"text\/css\" data-created_by=\"avia_inline_auto\" id=\"style-css-av-m192vdjh-e3682762e4840f69628e87f5a96bc1da\">\n#top .av-special-heading.av-m192vdjh-e3682762e4840f69628e87f5a96bc1da{\npadding-bottom:10px;\ncolor:#354496;\n}\nbody .av-special-heading.av-m192vdjh-e3682762e4840f69628e87f5a96bc1da .av-special-heading-tag .heading-char{\nfont-size:25px;\n}\n.av-special-heading.av-m192vdjh-e3682762e4840f69628e87f5a96bc1da .special-heading-inner-border{\nborder-color:#354496;\n}\n.av-special-heading.av-m192vdjh-e3682762e4840f69628e87f5a96bc1da .av-subheading{\nfont-size:15px;\ncolor:#0a0a0a;\n}\n<\/style>\n<div  class='av-special-heading av-m192vdjh-e3682762e4840f69628e87f5a96bc1da av-special-heading-h3 custom-color-heading blockquote modern-quote  avia-builder-el-1  el_before_av_image  avia-builder-el-first'><h3 class='av-special-heading-tag'  itemprop=\"headline\"  >Dynamic Descaler Applications<\/h3><div class='av_custom_color av-subheading av-subheading_below'><p>Click the industry name below to view applications<\/p>\n<\/div><div class=\"special-heading-border\"><div class=\"special-heading-inner-border\"><\/div><\/div><\/div><br \/>\n\n<style type=\"text\/css\" data-created_by=\"avia_inline_auto\" id=\"style-css-av-m192tumk-44fe2ac045e40cb6f6c11078a4f328c8\">\n.avia-image-container.av-m192tumk-44fe2ac045e40cb6f6c11078a4f328c8 img.avia_image{\nbox-shadow:none;\n}\n.avia-image-container.av-m192tumk-44fe2ac045e40cb6f6c11078a4f328c8 .av-image-caption-overlay-center{\ncolor:#ffffff;\n}\n<\/style>\n<div  class='avia-image-container av-m192tumk-44fe2ac045e40cb6f6c11078a4f328c8 av-styling- avia-align-center  avia-builder-el-2  el_after_av_heading  el_before_av_toggle_container'   itemprop=\"image\" itemscope=\"itemscope\" itemtype=\"https:\/\/schema.org\/ImageObject\" ><div class=\"avia-image-container-inner\"><div class=\"avia-image-overlay-wrap\"><img decoding=\"async\" fetchpriority=\"high\" class='wp-image-130 avia-img-lazy-loading-not-130 avia_image' src=\"https:\/\/dynamicdescaler.tr\/wp-content\/uploads\/2024\/09\/dynamic-descaler-industrial-applications.jpg\" alt='' title='dynamic-descaler-industrial-applications'  height=\"437\" width=\"825\"  itemprop=\"thumbnailUrl\" srcset=\"https:\/\/dynamicdescaler.tr\/wp-content\/uploads\/2024\/09\/dynamic-descaler-industrial-applications.jpg 825w, https:\/\/dynamicdescaler.tr\/wp-content\/uploads\/2024\/09\/dynamic-descaler-industrial-applications-300x159.jpg 300w, https:\/\/dynamicdescaler.tr\/wp-content\/uploads\/2024\/09\/dynamic-descaler-industrial-applications-768x407.jpg 768w, https:\/\/dynamicdescaler.tr\/wp-content\/uploads\/2024\/09\/dynamic-descaler-industrial-applications-18x10.jpg 18w, https:\/\/dynamicdescaler.tr\/wp-content\/uploads\/2024\/09\/dynamic-descaler-industrial-applications-710x375.jpg 710w, https:\/\/dynamicdescaler.tr\/wp-content\/uploads\/2024\/09\/dynamic-descaler-industrial-applications-705x373.jpg 705w\" sizes=\"(max-width: 825px) 100vw, 825px\" \/><\/div><\/div><\/div><br \/>\n\n<style type=\"text\/css\" data-created_by=\"avia_inline_auto\" id=\"style-css-av-m192x8ys-5e7851ba839623c0543cee8040c2413b\">\n#top .togglecontainer.av-m192x8ys-5e7851ba839623c0543cee8040c2413b p.toggler{\ncolor:#2a3990;\nbackground-color:#efefef;\nborder-color:#2a3990;\n}\n#top .togglecontainer.av-m192x8ys-5e7851ba839623c0543cee8040c2413b p.toggler .toggle_icon{\ncolor:#2a3990;\nborder-color:#2a3990;\n}\n#top .togglecontainer.av-m192x8ys-5e7851ba839623c0543cee8040c2413b .toggle_wrap .toggle_content{\ncolor:#2a3990;\nbackground-color:#efefef;\nborder-color:#2a3990;\n}\n<\/style>\n<div  class='togglecontainer av-m192x8ys-5e7851ba839623c0543cee8040c2413b  avia-builder-el-3  el_after_av_image  avia-builder-el-last' >\n<section class='av_toggle_section av-m192wxwk-ee13764e3a887e79c2fdb92c552861de'  itemscope=\"itemscope\" itemtype=\"https:\/\/schema.org\/CreativeWork\" ><div role=\"tablist\" class=\"single_toggle\" data-tags=\"{All} \"  ><p id='toggle-toggle-id-1' data-fake-id='#toggle-id-1' class='toggler  av-title-above av-inherit-font-color hasCustomColor av-inherit-border-color'  itemprop=\"headline\"  role='tab' tabindex='0' aria-controls='toggle-id-1' data-slide-speed=\"200\" data-title=\"Otomotiv\" data-title-open=\"\">Automotive<span class=\"toggle_icon\"><span class=\"vert_icon\"><\/span><span class=\"hor_icon\"><\/span><\/span><\/p><div id='toggle-id-1' aria-labelledby='toggle-toggle-id-1' role='region' class='toggle_wrap  av-title-above'  ><div class='toggle_content invers-color av-inherit-font-color hasCustomColor av-inherit-border-color'  itemprop=\"text\" ><ul>\n<li>Closed Circuit Cooling<\/li>\n<li>Dynamometers<\/li>\n<li>Extruders<\/li>\n<li>Molders<\/li>\n<li>Radiators<\/li>\n<li>Welders<\/li>\n<\/ul>\n<\/div><\/div><\/div><\/section>\n<section class='av_toggle_section av-m192x85t-6f9d2763d505893629e8b6c14a41eb68'  itemscope=\"itemscope\" itemtype=\"https:\/\/schema.org\/CreativeWork\" ><div role=\"tablist\" class=\"single_toggle\" data-tags=\"{All} \"  ><p id='toggle-toggle-id-2' data-fake-id='#toggle-id-2' class='toggler  av-title-above av-inherit-font-color hasCustomColor av-inherit-border-color'  itemprop=\"headline\"  role='tab' tabindex='0' aria-controls='toggle-id-2' data-slide-speed=\"200\" data-title=\"Havac\u0131l\u0131k Savunma\" data-title-open=\"\">Aerospace &amp; Defense<span class=\"toggle_icon\"><span class=\"vert_icon\"><\/span><span class=\"hor_icon\"><\/span><\/span><\/p><div id='toggle-id-2' aria-labelledby='toggle-toggle-id-2' role='region' class='toggle_wrap  av-title-above'  ><div class='toggle_content invers-color av-inherit-font-color hasCustomColor av-inherit-border-color'  itemprop=\"text\" ><ul>\n<li>Exchangers<\/li>\n<li>Condensers<\/li>\n<li>Engine Cooling Systems<\/li>\n<li>CHT Systems<\/li>\n<li>evaporators<\/li>\n<li>distilling units<\/li>\n<li>Boilers<\/li>\n<li>Jet blast deflectors<\/li>\n<\/ul>\n<\/div><\/div><\/div><\/section>\n<section class='av_toggle_section av-m192x85t-15-931af1a81eb191aa7f8d59e08f0a1c9a'  itemscope=\"itemscope\" itemtype=\"https:\/\/schema.org\/CreativeWork\" ><div role=\"tablist\" class=\"single_toggle\" data-tags=\"{All} \"  ><p id='toggle-toggle-id-3' data-fake-id='#toggle-id-3' class='toggler  av-title-above av-inherit-font-color hasCustomColor av-inherit-border-color'  itemprop=\"headline\"  role='tab' tabindex='0' aria-controls='toggle-id-3' data-slide-speed=\"200\" data-title=\"\u015ei\u015feleme\" data-title-open=\"\">Bottling<span class=\"toggle_icon\"><span class=\"vert_icon\"><\/span><span class=\"hor_icon\"><\/span><\/span><\/p><div id='toggle-id-3' aria-labelledby='toggle-toggle-id-3' role='region' class='toggle_wrap  av-title-above'  ><div class='toggle_content invers-color av-inherit-font-color hasCustomColor av-inherit-border-color'  itemprop=\"text\" ><ul>\n<li><span class=\"\">CO2 Generators<\/span><\/li>\n<li>Exchangers<\/li>\n<li>Heaters<\/li>\n<li>Rinse Tanks<\/li>\n<li>Sterilizers and Washers<\/li>\n<\/ul>\n<\/div><\/div><\/div><\/section>\n<section class='av_toggle_section av-m192x85t-14-61ac64c8762abac27252c0392a566678'  itemscope=\"itemscope\" itemtype=\"https:\/\/schema.org\/CreativeWork\" ><div role=\"tablist\" class=\"single_toggle\" data-tags=\"{All} \"  ><p id='toggle-toggle-id-4' data-fake-id='#toggle-id-4' class='toggler  av-title-above av-inherit-font-color hasCustomColor av-inherit-border-color'  itemprop=\"headline\"  role='tab' tabindex='0' aria-controls='toggle-id-4' data-slide-speed=\"200\" data-title=\"Kurutucular\" data-title-open=\"\">Dryers<span class=\"toggle_icon\"><span class=\"vert_icon\"><\/span><span class=\"hor_icon\"><\/span><\/span><\/p><div id='toggle-id-4' aria-labelledby='toggle-toggle-id-4' role='region' class='toggle_wrap  av-title-above'  ><div class='toggle_content invers-color av-inherit-font-color hasCustomColor av-inherit-border-color'  itemprop=\"text\" ><div class=\"et_pb_module et_pb_toggle et_pb_toggle_3 et_pb_toggle_item et_pb_toggle_open\">\n<div class=\"et_pb_toggle_content clearfix\">\n<ul>\n<li>Dryers<\/li>\n<li>Extruders<\/li>\n<li>Kettles<\/li>\n<li>Mixers<\/li>\n<li>Reactors<\/li>\n<li>Scrubbers<\/li>\n<li>Vacuum Pumps<\/li>\n<\/ul>\n<\/div>\n<\/div>\n<\/div><\/div><\/div><\/section>\n<section class='av_toggle_section av-m192x85t-13-3b8ab4f23b7f43568850db3377a79745'  itemscope=\"itemscope\" itemtype=\"https:\/\/schema.org\/CreativeWork\" ><div role=\"tablist\" class=\"single_toggle\" data-tags=\"{All} \"  ><p id='toggle-toggle-id-5' data-fake-id='#toggle-id-5' class='toggler  av-title-above av-inherit-font-color hasCustomColor av-inherit-border-color'  itemprop=\"headline\"  role='tab' tabindex='0' aria-controls='toggle-id-5' data-slide-speed=\"200\" data-title=\"Yiyecek\" data-title-open=\"\">Food<span class=\"toggle_icon\"><span class=\"vert_icon\"><\/span><span class=\"hor_icon\"><\/span><\/span><\/p><div id='toggle-id-5' aria-labelledby='toggle-toggle-id-5' role='region' class='toggle_wrap  av-title-above'  ><div class='toggle_content invers-color av-inherit-font-color hasCustomColor av-inherit-border-color'  itemprop=\"text\" ><ul>\n<li>Condensers<\/li>\n<li>Ice Machines<\/li>\n<li>Kathabars<\/li>\n<li>Refrigeration Equipment<\/li>\n<li>Steam Tables<\/li>\n<\/ul>\n<\/div><\/div><\/div><\/section>\n<section class='av_toggle_section av-m192x85t-12-5efa0ba4570a26d4910eb0e59ccfad6f'  itemscope=\"itemscope\" itemtype=\"https:\/\/schema.org\/CreativeWork\" ><div role=\"tablist\" class=\"single_toggle\" data-tags=\"{All} \"  ><p id='toggle-toggle-id-6' data-fake-id='#toggle-id-6' class='toggler  av-title-above av-inherit-font-color hasCustomColor av-inherit-border-color'  itemprop=\"headline\"  role='tab' tabindex='0' aria-controls='toggle-id-6' data-slide-speed=\"200\" data-title=\"Is\u0131tma, Havaland\u0131rma ve \u0130klimlendirme\" data-title-open=\"\">HVAC<span class=\"toggle_icon\"><span class=\"vert_icon\"><\/span><span class=\"hor_icon\"><\/span><\/span><\/p><div id='toggle-id-6' aria-labelledby='toggle-toggle-id-6' role='region' class='toggle_wrap  av-title-above'  ><div class='toggle_content invers-color av-inherit-font-color hasCustomColor av-inherit-border-color'  itemprop=\"text\" ><ul>\n<li>Evaporative<\/li>\n<li>Condensers<\/li>\n<li>Shell and tube condensers<\/li>\n<li>Centrifugal chillers<\/li>\n<li>Absorption units<\/li>\n<\/ul>\n<\/div><\/div><\/div><\/section>\n<section class='av_toggle_section av-m192x85t-11-cb2e2ed19f4e804e43e813d51adb78ec'  itemscope=\"itemscope\" itemtype=\"https:\/\/schema.org\/CreativeWork\" ><div role=\"tablist\" class=\"single_toggle\" data-tags=\"{All} \"  ><p id='toggle-toggle-id-7' data-fake-id='#toggle-id-7' class='toggler  av-title-above av-inherit-font-color hasCustomColor av-inherit-border-color'  itemprop=\"headline\"  role='tab' tabindex='0' aria-controls='toggle-id-7' data-slide-speed=\"200\" data-title=\"\u00dcretme\" data-title-open=\"\">Manufacturing<span class=\"toggle_icon\"><span class=\"vert_icon\"><\/span><span class=\"hor_icon\"><\/span><\/span><\/p><div id='toggle-id-7' aria-labelledby='toggle-toggle-id-7' role='region' class='toggle_wrap  av-title-above'  ><div class='toggle_content invers-color av-inherit-font-color hasCustomColor av-inherit-border-color'  itemprop=\"text\" ><ul>\n<li>Chillers<\/li>\n<li>Compressors<\/li>\n<li>Furnaces<\/li>\n<li>Quenchers<\/li>\n<li>Vacuum Pumps<\/li>\n<\/ul>\n<\/div><\/div><\/div><\/section>\n<section class='av_toggle_section av-m192x85t-10-d1e4fd8fca5cb895c243bedbf1e6aa5b'  itemscope=\"itemscope\" itemtype=\"https:\/\/schema.org\/CreativeWork\" ><div role=\"tablist\" class=\"single_toggle\" data-tags=\"{All} \"  ><p id='toggle-toggle-id-8' data-fake-id='#toggle-id-8' class='toggler  av-title-above av-inherit-font-color hasCustomColor av-inherit-border-color'  itemprop=\"headline\"  role='tab' tabindex='0' aria-controls='toggle-id-8' data-slide-speed=\"200\" data-title=\"Metaller\" data-title-open=\"\">Metals<span class=\"toggle_icon\"><span class=\"vert_icon\"><\/span><span class=\"hor_icon\"><\/span><\/span><\/p><div id='toggle-id-8' aria-labelledby='toggle-toggle-id-8' role='region' class='toggle_wrap  av-title-above'  ><div class='toggle_content invers-color av-inherit-font-color hasCustomColor av-inherit-border-color'  itemprop=\"text\" ><ul>\n<li>Bearings<\/li>\n<li>Conveyers<\/li>\n<li>Fans<\/li>\n<li>Hearth and Vacuum Furnaces<\/li>\n<li>Shelters<\/li>\n<li>Sprays<\/li>\n<\/ul>\n<\/div><\/div><\/div><\/section>\n<section class='av_toggle_section av-m192x85t-9-a0160f491a9e354f3fccdc240cc69660'  itemscope=\"itemscope\" itemtype=\"https:\/\/schema.org\/CreativeWork\" ><div role=\"tablist\" class=\"single_toggle\" data-tags=\"{All} \"  ><p id='toggle-toggle-id-9' data-fake-id='#toggle-id-9' class='toggler  av-title-above av-inherit-font-color hasCustomColor av-inherit-border-color'  itemprop=\"headline\"  role='tab' tabindex='0' aria-controls='toggle-id-9' data-slide-speed=\"200\" data-title=\"Madencilik\" data-title-open=\"\">Mining<span class=\"toggle_icon\"><span class=\"vert_icon\"><\/span><span class=\"hor_icon\"><\/span><\/span><\/p><div id='toggle-id-9' aria-labelledby='toggle-toggle-id-9' role='region' class='toggle_wrap  av-title-above'  ><div class='toggle_content invers-color av-inherit-font-color hasCustomColor av-inherit-border-color'  itemprop=\"text\" ><ul>\n<li>Bearings<\/li>\n<li>Conveyers<\/li>\n<li>Filters<\/li>\n<li>Presses<\/li>\n<li>Process Lines<\/li>\n<li>Radiators<\/li>\n<\/ul>\n<\/div><\/div><\/div><\/section>\n<section class='av_toggle_section av-m192x85t-8-2c69ffb36581988d691168daf0c9a407'  itemscope=\"itemscope\" itemtype=\"https:\/\/schema.org\/CreativeWork\" ><div role=\"tablist\" class=\"single_toggle\" data-tags=\"{All} \"  ><p id='toggle-toggle-id-10' data-fake-id='#toggle-id-10' class='toggler  av-title-above av-inherit-font-color hasCustomColor av-inherit-border-color'  itemprop=\"headline\"  role='tab' tabindex='0' aria-controls='toggle-id-10' data-slide-speed=\"200\" data-title=\"Ka\u011f\u0131t\" data-title-open=\"\">Paper<span class=\"toggle_icon\"><span class=\"vert_icon\"><\/span><span class=\"hor_icon\"><\/span><\/span><\/p><div id='toggle-id-10' aria-labelledby='toggle-toggle-id-10' role='region' class='toggle_wrap  av-title-above'  ><div class='toggle_content invers-color av-inherit-font-color hasCustomColor av-inherit-border-color'  itemprop=\"text\" ><ul>\n<li>Calendar Rolls<\/li>\n<li>Mini Rolls<\/li>\n<li>Caustic Lines<\/li>\n<li>Scrubbers<\/li>\n<li>Compressors<\/li>\n<li>Liquor Tanks<\/li>\n<li>Pulverizers<\/li>\n<li>Vacuum Pumps<\/li>\n<\/ul>\n<\/div><\/div><\/div><\/section>\n<section class='av_toggle_section av-m192x85t-7-675bd58f9fc6fc293d641700bb378ed3'  itemscope=\"itemscope\" itemtype=\"https:\/\/schema.org\/CreativeWork\" ><div role=\"tablist\" class=\"single_toggle\" data-tags=\"{All} \"  ><p id='toggle-toggle-id-11' data-fake-id='#toggle-id-11' class='toggler  av-title-above av-inherit-font-color hasCustomColor av-inherit-border-color'  itemprop=\"headline\"  role='tab' tabindex='0' aria-controls='toggle-id-11' data-slide-speed=\"200\" data-title=\"\u0130la\u00e7\" data-title-open=\"\">Pharmaceutical<span class=\"toggle_icon\"><span class=\"vert_icon\"><\/span><span class=\"hor_icon\"><\/span><\/span><\/p><div id='toggle-id-11' aria-labelledby='toggle-toggle-id-11' role='region' class='toggle_wrap  av-title-above'  ><div class='toggle_content invers-color av-inherit-font-color hasCustomColor av-inherit-border-color'  itemprop=\"text\" ><ul>\n<li>Exchangers<\/li>\n<li>Loop Systems<\/li>\n<li>Kathabars<\/li>\n<li>Pumps<\/li>\n<li>Reactors<\/li>\n<li>Stills<\/li>\n<li>Sterilizers<\/li>\n<\/ul>\n<\/div><\/div><\/div><\/section>\n<section class='av_toggle_section av-m192x85t-6-fda6a8a3e0f7060be52e9945113bbfec'  itemscope=\"itemscope\" itemtype=\"https:\/\/schema.org\/CreativeWork\" ><div role=\"tablist\" class=\"single_toggle\" data-tags=\"{All} \"  ><p id='toggle-toggle-id-12' data-fake-id='#toggle-id-12' class='toggler  av-title-above av-inherit-font-color hasCustomColor av-inherit-border-color'  itemprop=\"headline\"  role='tab' tabindex='0' aria-controls='toggle-id-12' data-slide-speed=\"200\" data-title=\"Rafineri\" data-title-open=\"\">Refinery<span class=\"toggle_icon\"><span class=\"vert_icon\"><\/span><span class=\"hor_icon\"><\/span><\/span><\/p><div id='toggle-id-12' aria-labelledby='toggle-toggle-id-12' role='region' class='toggle_wrap  av-title-above'  ><div class='toggle_content invers-color av-inherit-font-color hasCustomColor av-inherit-border-color'  itemprop=\"text\" ><ul>\n<li>Anthracite Filters<\/li>\n<li>Compressors<\/li>\n<li>Condensers<\/li>\n<li>Converters<\/li>\n<li>Crackers<\/li>\n<li>Exchangers<\/li>\n<li>Flare Drums<\/li>\n<li>Piping<\/li>\n<li>Pumps<\/li>\n<\/ul>\n<\/div><\/div><\/div><\/section>\n<section class='av_toggle_section av-m192x85t-5-8975b54d74d042948ae08b6189859a91'  itemscope=\"itemscope\" itemtype=\"https:\/\/schema.org\/CreativeWork\" ><div role=\"tablist\" class=\"single_toggle\" data-tags=\"{All} \"  ><p id='toggle-toggle-id-13' data-fake-id='#toggle-id-13' class='toggler  av-title-above av-inherit-font-color hasCustomColor av-inherit-border-color'  itemprop=\"headline\"  role='tab' tabindex='0' aria-controls='toggle-id-13' data-slide-speed=\"200\" data-title=\"Kau\u00e7uk\/Plastik\" data-title-open=\"\">Rubber\/Plastics<span class=\"toggle_icon\"><span class=\"vert_icon\"><\/span><span class=\"hor_icon\"><\/span><\/span><\/p><div id='toggle-id-13' aria-labelledby='toggle-toggle-id-13' role='region' class='toggle_wrap  av-title-above'  ><div class='toggle_content invers-color av-inherit-font-color hasCustomColor av-inherit-border-color'  itemprop=\"text\" ><ul>\n<li>Banbury Mixers<\/li>\n<li>Calendar and Mill Rolls<\/li>\n<li>Extruders<\/li>\n<li>Injection Molders<\/li>\n<li>Molds<\/li>\n<li>Temperature Control Units<\/li>\n<li>Throat Coolers<\/li>\n<li>Towers and Tubers<\/li>\n<\/ul>\n<\/div><\/div><\/div><\/section>\n<section class='av_toggle_section av-m192x85t-4-810cbbd6e2b5f3923f82eacbb5d13047'  itemscope=\"itemscope\" itemtype=\"https:\/\/schema.org\/CreativeWork\" ><div role=\"tablist\" class=\"single_toggle\" data-tags=\"{All} \"  ><p id='toggle-toggle-id-14' data-fake-id='#toggle-id-14' class='toggler  av-title-above av-inherit-font-color hasCustomColor av-inherit-border-color'  itemprop=\"headline\"  role='tab' tabindex='0' aria-controls='toggle-id-14' data-slide-speed=\"200\" data-title=\"\u00c7elik\" data-title-open=\"\">Steel<span class=\"toggle_icon\"><span class=\"vert_icon\"><\/span><span class=\"hor_icon\"><\/span><\/span><\/p><div id='toggle-id-14' aria-labelledby='toggle-toggle-id-14' role='region' class='toggle_wrap  av-title-above'  ><div class='toggle_content invers-color av-inherit-font-color hasCustomColor av-inherit-border-color'  itemprop=\"text\" ><ul>\n<li>Bearings<\/li>\n<li>ConCast Units<\/li>\n<li>Generators<\/li>\n<li>Hearth<\/li>\n<li>Spangle Units<\/li>\n<li>Furnaces<\/li>\n<\/ul>\n<\/div><\/div><\/div><\/section>\n<section class='av_toggle_section av-m192x85t-3-b6122d84f78f20f9baf8179ec6b27b3f'  itemscope=\"itemscope\" itemtype=\"https:\/\/schema.org\/CreativeWork\" ><div role=\"tablist\" class=\"single_toggle\" data-tags=\"{All} \"  ><p id='toggle-toggle-id-15' data-fake-id='#toggle-id-15' class='toggler  av-title-above av-inherit-font-color hasCustomColor av-inherit-border-color'  itemprop=\"headline\"  role='tab' tabindex='0' aria-controls='toggle-id-15' data-slide-speed=\"200\" data-title=\"Tekstil\" data-title-open=\"\">Textile<span class=\"toggle_icon\"><span class=\"vert_icon\"><\/span><span class=\"hor_icon\"><\/span><\/span><\/p><div id='toggle-id-15' aria-labelledby='toggle-toggle-id-15' role='region' class='toggle_wrap  av-title-above'  ><div class='toggle_content invers-color av-inherit-font-color hasCustomColor av-inherit-border-color'  itemprop=\"text\" ><ul>\n<li>Air Washers<\/li>\n<li>Compressors<\/li>\n<li>Condensers<\/li>\n<li>Exchangers<\/li>\n<li>Extruders and Towers<\/li>\n<\/ul>\n<\/div><\/div><\/div><\/section>\n<section class='av_toggle_section av-m192x85t-2-e74931b5536103b626a4c8add731620a'  itemscope=\"itemscope\" itemtype=\"https:\/\/schema.org\/CreativeWork\" ><div role=\"tablist\" class=\"single_toggle\" data-tags=\"{All} \"  ><p id='toggle-toggle-id-16' data-fake-id='#toggle-id-16' class='toggler  av-title-above av-inherit-font-color hasCustomColor av-inherit-border-color'  itemprop=\"headline\"  role='tab' tabindex='0' aria-controls='toggle-id-16' data-slide-speed=\"200\" data-title=\"Kamu Hizmeti\" data-title-open=\"\">Utilities<span class=\"toggle_icon\"><span class=\"vert_icon\"><\/span><span class=\"hor_icon\"><\/span><\/span><\/p><div id='toggle-id-16' aria-labelledby='toggle-toggle-id-16' role='region' class='toggle_wrap  av-title-above'  ><div class='toggle_content invers-color av-inherit-font-color hasCustomColor av-inherit-border-color'  itemprop=\"text\" ><ul>\n<li>Boilers<\/li>\n<li>Turbines<\/li>\n<li>Transformers<\/li>\n<li>Cooling Towers<\/li>\n<li>Air Compressors<\/li>\n<li>Hydrogen Coolers<\/li>\n<li>Lube Oil Heat Exchangers<\/li>\n<\/ul>\n<\/div><\/div><\/div><\/section>\n<section class='av_toggle_section av-m192x85t-1-7616aab1bdc54141ac3b5e9ddfd1efb0'  itemscope=\"itemscope\" itemtype=\"https:\/\/schema.org\/CreativeWork\" ><div role=\"tablist\" class=\"single_toggle\" data-tags=\"{All} \"  ><p id='toggle-toggle-id-17' data-fake-id='#toggle-id-17' class='toggler  av-title-above av-inherit-font-color hasCustomColor av-inherit-border-color'  itemprop=\"headline\"  role='tab' tabindex='0' aria-controls='toggle-id-17' data-slide-speed=\"200\" data-title=\"Di\u011fer\" data-title-open=\"\">Other<span class=\"toggle_icon\"><span class=\"vert_icon\"><\/span><span class=\"hor_icon\"><\/span><\/span><\/p><div id='toggle-id-17' aria-labelledby='toggle-toggle-id-17' role='region' class='toggle_wrap  av-title-above'  ><div class='toggle_content invers-color av-inherit-font-color hasCustomColor av-inherit-border-color'  itemprop=\"text\" ><ul>\n<li>Ball Mills<\/li>\n<li>Deminsters<\/li>\n<li>Evaporators<\/li>\n<li>Locomotives<\/li>\n<li>Absorbtion Units<\/li>\n<li>Diesel Generators<\/li>\n<li>Induction Furnaces<\/li>\n<\/ul>\n<\/div><\/div><\/div><\/section>\n<\/div><\/p><\/div><div  class='flex_column av-vlcz-e6943798518d5e47a1b2660151cc8243 av_one_third  avia-builder-el-4  el_after_av_two_third  avia-builder-el-last  flex_column_div'     ><p>\n<style type=\"text\/css\" data-created_by=\"avia_inline_auto\" id=\"style-css-av-m1936xqk-7a89bc4949fb27b2b3cca0c56f7776e3\">\n#top .hr.hr-invisible.av-m1936xqk-7a89bc4949fb27b2b3cca0c56f7776e3{\nheight:50px;\n}\n<\/style>\n<div  class='hr av-m1936xqk-7a89bc4949fb27b2b3cca0c56f7776e3 hr-invisible  avia-builder-el-5  el_before_av_textblock  avia-builder-el-first'><span class='hr-inner'><span class=\"hr-inner-style\"><\/span><\/span><\/div><br \/>\n\n<style type=\"text\/css\" data-created_by=\"avia_inline_auto\" id=\"style-css-av-m192tkdu-77f78bb6614ffd2ea5e6b25362cb8344\">\n#top .av_textblock_section.av-m192tkdu-77f78bb6614ffd2ea5e6b25362cb8344 .avia_textblock{\nfont-size:22px;\n}\n\n@media only screen and (min-width: 990px){ \n#top .av_textblock_section.av-m192tkdu-77f78bb6614ffd2ea5e6b25362cb8344 .avia_textblock{\nfont-size:21px;\n}\n}\n<\/style>\n<section  class='av_textblock_section av-m192tkdu-77f78bb6614ffd2ea5e6b25362cb8344'   itemscope=\"itemscope\" itemtype=\"https:\/\/schema.org\/CreativeWork\" ><div class='avia_textblock'  itemprop=\"text\" ><p>Don\u2019t be misled by companies that claim their descaler is \u201cnoncorrosive.\u201d The fact is that all effective descalers result in some equipment corrosion. Therefore, to prolong the life of your equipment, it\u2019s important to use a descaler with a low corrosion rate.<\/p>\n<p><em>Based on corrosion tests done by an independent lab, Dynamic Descaler has the lowest corrosion rate of any descaler. Click the image below to see how we compare.<\/em><\/p>\n<\/div><\/section><br \/>\n\n<style type=\"text\/css\" data-created_by=\"avia_inline_auto\" id=\"style-css-av-1mv2n-b5541944c7ce1ba915734b6e0e1f7219\">\n#top .hr.hr-invisible.av-1mv2n-b5541944c7ce1ba915734b6e0e1f7219{\nheight:50px;\n}\n<\/style>\n<div  class='hr av-1mv2n-b5541944c7ce1ba915734b6e0e1f7219 hr-invisible  avia-builder-el-7  el_after_av_textblock  el_before_av_image'><span class='hr-inner'><span class=\"hr-inner-style\"><\/span><\/span><\/div><br \/>\n\n<style type=\"text\/css\" data-created_by=\"avia_inline_auto\" id=\"style-css-av-m192vsk5-0ce2e4240af95e4aab3c189a7fad01c2\">\n.avia-image-container.av-m192vsk5-0ce2e4240af95e4aab3c189a7fad01c2 img.avia_image{\nbox-shadow:none;\n}\n.avia-image-container.av-m192vsk5-0ce2e4240af95e4aab3c189a7fad01c2 .av-image-caption-overlay-center{\ncolor:#ffffff;\n}\n<\/style>\n<div  class='avia-image-container av-m192vsk5-0ce2e4240af95e4aab3c189a7fad01c2 av-styling- avia-align-center  avia-builder-el-8  el_after_av_hr  avia-builder-el-last'   itemprop=\"image\" itemscope=\"itemscope\" itemtype=\"https:\/\/schema.org\/ImageObject\" ><div class=\"avia-image-container-inner\"><div class=\"avia-image-overlay-wrap\"><img decoding=\"async\" fetchpriority=\"high\" class='wp-image-132 avia-img-lazy-loading-not-132 avia_image' src=\"https:\/\/dynamicdescaler.tr\/wp-content\/uploads\/2024\/09\/dynamic-descaler-corrosion-chart.jpg\" alt='' title='dynamic-descaler-corrosion-chart'  height=\"772\" width=\"500\"  itemprop=\"thumbnailUrl\" srcset=\"https:\/\/dynamicdescaler.tr\/wp-content\/uploads\/2024\/09\/dynamic-descaler-corrosion-chart.jpg 500w, https:\/\/dynamicdescaler.tr\/wp-content\/uploads\/2024\/09\/dynamic-descaler-corrosion-chart-194x300.jpg 194w, https:\/\/dynamicdescaler.tr\/wp-content\/uploads\/2024\/09\/dynamic-descaler-corrosion-chart-8x12.jpg 8w, https:\/\/dynamicdescaler.tr\/wp-content\/uploads\/2024\/09\/dynamic-descaler-corrosion-chart-457x705.jpg 457w\" sizes=\"(max-width: 500px) 100vw, 500px\" \/><\/div><\/div><\/div><\/p><\/div><\/p>","protected":false},"excerpt":{"rendered":"","protected":false},"author":1,"featured_media":0,"parent":0,"menu_order":0,"comment_status":"closed","ping_status":"closed","template":"","meta":{"footnotes":""},"class_list":["post-19","page","type-page","status-publish","hentry"],"_links":{"self":[{"href":"https:\/\/dynamicdescaler.tr\/en\/wp-json\/wp\/v2\/pages\/19","targetHints":{"allow":["GET"]}}],"collection":[{"href":"https:\/\/dynamicdescaler.tr\/en\/wp-json\/wp\/v2\/pages"}],"about":[{"href":"https:\/\/dynamicdescaler.tr\/en\/wp-json\/wp\/v2\/types\/page"}],"author":[{"embeddable":true,"href":"https:\/\/dynamicdescaler.tr\/en\/wp-json\/wp\/v2\/users\/1"}],"replies":[{"embeddable":true,"href":"https:\/\/dynamicdescaler.tr\/en\/wp-json\/wp\/v2\/comments?post=19"}],"version-history":[{"count":8,"href":"https:\/\/dynamicdescaler.tr\/en\/wp-json\/wp\/v2\/pages\/19\/revisions"}],"predecessor-version":[{"id":138,"href":"https:\/\/dynamicdescaler.tr\/en\/wp-json\/wp\/v2\/pages\/19\/revisions\/138"}],"wp:attachment":[{"href":"https:\/\/dynamicdescaler.tr\/en\/wp-json\/wp\/v2\/media?parent=19"}],"curies":[{"name":"wp","href":"https:\/\/api.w.org\/{rel}","templated":true}]}}