{"id":22,"date":"2024-09-17T11:53:21","date_gmt":"2024-09-17T11:53:21","guid":{"rendered":"https:\/\/dynamicdescaler.tr\/?page_id=22"},"modified":"2024-09-20T13:07:47","modified_gmt":"2024-09-20T10:07:47","slug":"bize-ulasin","status":"publish","type":"page","link":"https:\/\/dynamicdescaler.tr\/en\/bize-ulasin\/","title":{"rendered":"Contact Us"},"content":{"rendered":"<div  class='flex_column av-1ctnm-4071a8fc6084149f47962a203ee205e5 av_one_half  avia-builder-el-0  el_before_av_one_half  avia-builder-el-first  first flex_column_div'     ><p>\n<style type=\"text\/css\" data-created_by=\"avia_inline_auto\" id=\"style-css-av-m196qxz0-5a3162cb13db042ba515daa1da663164\">\n#top .av-special-heading.av-m196qxz0-5a3162cb13db042ba515daa1da663164{\npadding-bottom:10px;\ncolor:#2a3990;\n}\nbody .av-special-heading.av-m196qxz0-5a3162cb13db042ba515daa1da663164 .av-special-heading-tag .heading-char{\nfont-size:25px;\n}\n.av-special-heading.av-m196qxz0-5a3162cb13db042ba515daa1da663164 .special-heading-inner-border{\nborder-color:#2a3990;\n}\n.av-special-heading.av-m196qxz0-5a3162cb13db042ba515daa1da663164 .av-subheading{\nfont-size:15px;\ncolor:#0a0a0a;\n}\n<\/style>\n<div  class='av-special-heading av-m196qxz0-5a3162cb13db042ba515daa1da663164 av-special-heading-h2 custom-color-heading blockquote modern-quote  avia-builder-el-1  el_before_av_hr  avia-builder-el-first'><h2 class='av-special-heading-tag'  itemprop=\"headline\"  >Contact Precision Dynamics<\/h2><div class='av_custom_color av-subheading av-subheading_below'><p>Dynamic Descaler is manufactured exclusively by Precision Dynamics, Inc.<\/p>\n<\/div><div class=\"special-heading-border\"><div class=\"special-heading-inner-border\"><\/div><\/div><\/div><br \/>\n\n<style type=\"text\/css\" data-created_by=\"avia_inline_auto\" id=\"style-css-av-m199pwgx-de017c381ee7c37da48e8e25b41c5e95\">\n#top .hr.hr-invisible.av-m199pwgx-de017c381ee7c37da48e8e25b41c5e95{\nheight:30px;\n}\n<\/style>\n<div  class='hr av-m199pwgx-de017c381ee7c37da48e8e25b41c5e95 hr-invisible  avia-builder-el-2  el_after_av_heading  el_before_av_textblock'><span class='hr-inner'><span class=\"hr-inner-style\"><\/span><\/span><\/div><br \/>\n<section  class='av_textblock_section av-m196tw8k-841ced7a7f8704b4fe2a0c1749fbea1c'   itemscope=\"itemscope\" itemtype=\"https:\/\/schema.org\/CreativeWork\" ><div class='avia_textblock'  itemprop=\"text\" ><div class=\"one_half\"><b>Address<\/b><\/div>\n<div class=\"one_half\">Hamidiye Mah. Porta Vadi Tower No: 103\/1, T2 Blok, Kat: 4 Ofis 21 Ka\u011f\u0131thane | \u0130stanbul<\/div>\n<div><\/div>\n<p><strong>Local Phone:<\/strong> +90 212 801 87 81<br \/>\n<strong>Phone:<\/strong> +90 533 146 25 87<br \/>\n<strong>E-Mail:<\/strong> <a href=\"mailto:sales@glbtradecorp.com\" rel=\"noreferrer\">sales@glbtradecorp.com<\/a><\/p>\n<\/div><\/section><\/p><\/div>\n<div  class='flex_column av-367q-cfd9044c2378ec882a69782eb8df330a av_one_half  avia-builder-el-4  el_after_av_one_half  el_before_av_one_full  flex_column_div'     ><\/div><div  class='flex_column av-tsmi-50e5aba8ce2366223b5ce81e0b8866e4 av_one_full  avia-builder-el-6  el_after_av_one_half  avia-builder-el-last  first flex_column_div  column-top-margin'     ><form action=\"\/en\/bize-ulasin\/\" method=\"post\" data-fields-with-error=\"Found errors in the following field(s):\" class=\"avia_ajax_form av-form-labels-visible   avia-builder-el-7  avia-builder-el-no-sibling\" data-avia-form-id=\"1\" data-avia-redirect='' data-trp-original-action=\"https:\/\/dynamicdescaler.tr\/en\/bize-ulasin\/\" ><h3 class=''>Send us mail<\/h3><fieldset><p class='first_form  form_element form_fullwidth' id='element_avia_1_1'><label for=\"avia_1_1\">Name <abbr class=\"required\" title=\"required\">*<\/abbr><\/label> <input name=\"avia_1_1\" class=\"text_input is_empty\" type=\"text\" id=\"avia_1_1\" value=\"\" \/><\/p><p class='first_form  form_element form_fullwidth' id='element_avia_2_1'><label for=\"avia_2_1\">Email <abbr class=\"required\" title=\"required\">*<\/abbr><\/label> <input name=\"avia_2_1\" class=\"text_input is_email\" type=\"text\" id=\"avia_2_1\" value=\"\" \/><\/p><p class='first_form  form_element form_fullwidth' id='element_avia_3_1'><label for=\"avia_3_1\">Subject <abbr class=\"required\" title=\"required\">*<\/abbr><\/label> <input name=\"avia_3_1\" class=\"text_input is_empty\" type=\"text\" id=\"avia_3_1\" value=\"\" \/><\/p><p class='first_form  form_element form_fullwidth av-last-visible-form-element' id='element_avia_4_1'><label for=\"avia_4_1\" class=\"textare_label hidden textare_label_avia_4_1\">Message <abbr class=\"required\" title=\"required\">*<\/abbr><\/label><textarea  name=\"avia_4_1\" class=\"text_area is_empty\" cols=\"40\" rows=\"7\" id=\"avia_4_1\" ><\/textarea><\/p><p class=\"hidden\"><input type=\"text\" name=\"avia_5_1\" class=\"hidden\" id=\"avia_5_1\" value=\"\" \/><\/p><p class=\"form_element\"><input type=\"hidden\" value=\"1\" name=\"avia_generated_form1\" \/><input type=\"submit\" value=\"Send\" class=\"button\"  data-sending-label=\"Sending\"\/><\/p><\/fieldset><input type=\"hidden\" name=\"trp-form-language\" value=\"en\"\/><\/form><div id=\"ajaxresponse_1\" class=\"ajaxresponse ajaxresponse_1 hidden\"><\/div><\/div><\/p>","protected":false},"excerpt":{"rendered":"","protected":false},"author":1,"featured_media":0,"parent":0,"menu_order":0,"comment_status":"closed","ping_status":"closed","template":"","meta":{"footnotes":""},"class_list":["post-22","page","type-page","status-publish","hentry"],"_links":{"self":[{"href":"https:\/\/dynamicdescaler.tr\/en\/wp-json\/wp\/v2\/pages\/22","targetHints":{"allow":["GET"]}}],"collection":[{"href":"https:\/\/dynamicdescaler.tr\/en\/wp-json\/wp\/v2\/pages"}],"about":[{"href":"https:\/\/dynamicdescaler.tr\/en\/wp-json\/wp\/v2\/types\/page"}],"author":[{"embeddable":true,"href":"https:\/\/dynamicdescaler.tr\/en\/wp-json\/wp\/v2\/users\/1"}],"replies":[{"embeddable":true,"href":"https:\/\/dynamicdescaler.tr\/en\/wp-json\/wp\/v2\/comments?post=22"}],"version-history":[{"count":7,"href":"https:\/\/dynamicdescaler.tr\/en\/wp-json\/wp\/v2\/pages\/22\/revisions"}],"predecessor-version":[{"id":279,"href":"https:\/\/dynamicdescaler.tr\/en\/wp-json\/wp\/v2\/pages\/22\/revisions\/279"}],"wp:attachment":[{"href":"https:\/\/dynamicdescaler.tr\/en\/wp-json\/wp\/v2\/media?parent=22"}],"curies":[{"name":"wp","href":"https:\/\/api.w.org\/{rel}","templated":true}]}}