{"id":25,"date":"2024-09-17T11:53:21","date_gmt":"2024-09-17T11:53:21","guid":{"rendered":"https:\/\/dynamicdescaler.tr\/?page_id=25"},"modified":"2024-09-20T13:07:29","modified_gmt":"2024-09-20T10:07:29","slug":"sss","status":"publish","type":"page","link":"https:\/\/dynamicdescaler.tr\/en\/sss\/","title":{"rendered":"FAQ"},"content":{"rendered":"<div  class='flex_column av-1h8j5-e54ce579002c61cf875785810979f02f av_three_fourth  avia-builder-el-0  el_before_av_one_fourth  avia-builder-el-first  first flex_column_div'     ><p>\n<style type=\"text\/css\" data-created_by=\"avia_inline_auto\" id=\"style-css-av-m197gk1v-e1f94403215ab1fc4bab99259889075a\">\n#top .av-special-heading.av-m197gk1v-e1f94403215ab1fc4bab99259889075a{\npadding-bottom:10px;\ncolor:#2a3990;\n}\nbody .av-special-heading.av-m197gk1v-e1f94403215ab1fc4bab99259889075a .av-special-heading-tag .heading-char{\nfont-size:25px;\n}\n.av-special-heading.av-m197gk1v-e1f94403215ab1fc4bab99259889075a .special-heading-inner-border{\nborder-color:#2a3990;\n}\n.av-special-heading.av-m197gk1v-e1f94403215ab1fc4bab99259889075a .av-subheading{\nfont-size:15px;\ncolor:#0a0a0a;\n}\n<\/style>\n<div  class='av-special-heading av-m197gk1v-e1f94403215ab1fc4bab99259889075a av-special-heading-h2 custom-color-heading blockquote modern-quote  avia-builder-el-1  el_before_av_toggle_container  avia-builder-el-first'><h2 class='av-special-heading-tag'  itemprop=\"headline\"  >Frequently Asked Questions<\/h2><div class='av_custom_color av-subheading av-subheading_below'><p>Click a question below to reveal the answer<\/p>\n<\/div><div class=\"special-heading-border\"><div class=\"special-heading-inner-border\"><\/div><\/div><\/div><br \/>\n\n<style type=\"text\/css\" data-created_by=\"avia_inline_auto\" id=\"style-css-av-m197l37d-6777a4067d51c7906ba7961a230c5f86\">\n#top .togglecontainer.av-m197l37d-6777a4067d51c7906ba7961a230c5f86 p.toggler{\ncolor:#2a3990;\nbackground-color:#f7f7f7;\nborder-color:#2a3990;\n}\n#top .togglecontainer.av-m197l37d-6777a4067d51c7906ba7961a230c5f86 p.toggler .toggle_icon{\ncolor:#2a3990;\nborder-color:#2a3990;\n}\n#top .togglecontainer.av-m197l37d-6777a4067d51c7906ba7961a230c5f86 .toggle_wrap .toggle_content{\ncolor:#2a3990;\nbackground-color:#f7f7f7;\nborder-color:#2a3990;\n}\n<\/style>\n<div  class='togglecontainer av-m197l37d-6777a4067d51c7906ba7961a230c5f86  avia-builder-el-2  el_after_av_heading  avia-builder-el-last  toggle_close_all' >\n<section class='av_toggle_section av-m197hdlp-2739d75131d0ad30a1b1e949571e4dbf'  itemscope=\"itemscope\" itemtype=\"https:\/\/schema.org\/CreativeWork\" ><div role=\"tablist\" class=\"single_toggle\" data-tags=\"{All} \"  ><p id='toggle-toggle-id-1' data-fake-id='#toggle-id-1' class='toggler  av-title-above av-inherit-font-color hasCustomColor av-inherit-border-color'  itemprop=\"headline\"  role='tab' tabindex='0' aria-controls='toggle-id-1' data-slide-speed=\"200\" data-title=\"Ekipman\u0131m\u0131z\u0131n temiz oldu\u011funu nas\u0131l anlar\u0131m?\" data-title-open=\"\">How do I know my equipment is clean?<span class=\"toggle_icon\"><span class=\"vert_icon\"><\/span><span class=\"hor_icon\"><\/span><\/span><\/p><div id='toggle-id-1' aria-labelledby='toggle-toggle-id-1' role='region' class='toggle_wrap  av-title-above'  ><div class='toggle_content invers-color av-inherit-font-color hasCustomColor av-inherit-border-color'  itemprop=\"text\" ><p><img loading=\"lazy\" decoding=\"async\" class=\"alignright size-full wp-image-375\" src=\"https:\/\/dynamicdescaler.com\/wp-content\/uploads\/ph-scale.jpg\" sizes=\"auto, (max-width: 360px) 100vw, 360px\" srcset=\"https:\/\/dynamicdescaler.com\/wp-content\/uploads\/ph-scale.jpg 360w, https:\/\/dynamicdescaler.com\/wp-content\/uploads\/ph-scale-100x100.jpg 100w, https:\/\/dynamicdescaler.com\/wp-content\/uploads\/ph-scale-150x150.jpg 150w, https:\/\/dynamicdescaler.com\/wp-content\/uploads\/ph-scale-300x298.jpg 300w\" alt=\"ph \u00f6l\u00e7e\u011fi\" width=\"360\" height=\"357\" \/>Our Descalers pH range is between 0 and 1.5, depending on which product you are using and what type of metal is present in your system. There is only one reason for the pH to go up and that is if there is still scale present in your equipment. (Rust or Iron Oxide is different).<\/p>\n<p>If the pH does not increase, your piece of equipment in most cases is clean. (While you are circulating the Descaler in your equipment and the pH goes up to 2.5 or around 3 when checked, add more Descaler to get the pH back down to 1pH or lower. Repeat this process if needed)<\/p>\n<\/div><\/div><\/div><\/section>\n<section class='av_toggle_section av-m197i9t5-cf948d4915c873a146f0ed1b5281ee34'  itemscope=\"itemscope\" itemtype=\"https:\/\/schema.org\/CreativeWork\" ><div role=\"tablist\" class=\"single_toggle\" data-tags=\"{All} \"  ><p id='toggle-toggle-id-2' data-fake-id='#toggle-id-2' class='toggler  av-title-above av-inherit-font-color hasCustomColor av-inherit-border-color'  itemprop=\"headline\"  role='tab' tabindex='0' aria-controls='toggle-id-2' data-slide-speed=\"200\" data-title=\"Ekipmanlar\u0131m\u0131 temizlemem gereken zaman aral\u0131\u011f\u0131 nedir?\" data-title-open=\"\">What is the time period to clean my equipment?<span class=\"toggle_icon\"><span class=\"vert_icon\"><\/span><span class=\"hor_icon\"><\/span><\/span><\/p><div id='toggle-id-2' aria-labelledby='toggle-toggle-id-2' role='region' class='toggle_wrap  av-title-above'  ><div class='toggle_content invers-color av-inherit-font-color hasCustomColor av-inherit-border-color'  itemprop=\"text\" ><p>Check our\u00a0<a href=\"https:\/\/dynamicdescaler.tr\/en\/nasil-kullanilir\/\">\u201chow to use page\u201d<\/a>\u00a0for charts on how much Descaler is to be used and for how long. All equipment has a different amount and circulation time period.<\/p>\n<\/div><\/div><\/div><\/section>\n<section class='av_toggle_section av-m197i9t5-6-a2b6b088c272d846666798377db73a32'  itemscope=\"itemscope\" itemtype=\"https:\/\/schema.org\/CreativeWork\" ><div role=\"tablist\" class=\"single_toggle\" data-tags=\"{All} \"  ><p id='toggle-toggle-id-3' data-fake-id='#toggle-id-3' class='toggler  av-title-above av-inherit-font-color hasCustomColor av-inherit-border-color'  itemprop=\"headline\"  role='tab' tabindex='0' aria-controls='toggle-id-3' data-slide-speed=\"200\" data-title=\"Kire\u00e7 \u00e7\u00f6z\u00fcc\u00fcn\u00fcz neden hafif a\u015f\u0131nd\u0131r\u0131c\u0131d\u0131r?\" data-title-open=\"\">Why is your Descaler mildly corrosive?<span class=\"toggle_icon\"><span class=\"vert_icon\"><\/span><span class=\"hor_icon\"><\/span><\/span><\/p><div id='toggle-id-3' aria-labelledby='toggle-toggle-id-3' role='region' class='toggle_wrap  av-title-above'  ><div class='toggle_content invers-color av-inherit-font-color hasCustomColor av-inherit-border-color'  itemprop=\"text\" ><p>When you call and ask about our products we\u2019ll help you understand the difference between mildly corrosive vs. non-corrosive. We care about your machinery and for the safety of your employees. Watch out for non-corrosive claims from other companies. Our Descalers have the best corrosion rates on all types of metals. Compared to all other companies we have the lowest!<\/p>\n<\/div><\/div><\/div><\/section>\n<section class='av_toggle_section av-m197i9t5-5-7f929dc27e052deb768ee2354dbb48cf'  itemscope=\"itemscope\" itemtype=\"https:\/\/schema.org\/CreativeWork\" ><div role=\"tablist\" class=\"single_toggle\" data-tags=\"{All} \"  ><p id='toggle-toggle-id-4' data-fake-id='#toggle-id-4' class='toggler  av-title-above av-inherit-font-color hasCustomColor av-inherit-border-color'  itemprop=\"headline\"  role='tab' tabindex='0' aria-controls='toggle-id-4' data-slide-speed=\"200\" data-title=\"Kire\u00e7 \u00e7\u00f6z\u00fcc\u00fclerimiz cildimiz i\u00e7in g\u00fcvenli midir?\" data-title-open=\"\">Is our Descalers safe on your skin?<span class=\"toggle_icon\"><span class=\"vert_icon\"><\/span><span class=\"hor_icon\"><\/span><\/span><\/p><div id='toggle-id-4' aria-labelledby='toggle-toggle-id-4' role='region' class='toggle_wrap  av-title-above'  ><div class='toggle_content invers-color av-inherit-font-color hasCustomColor av-inherit-border-color'  itemprop=\"text\" ><p>Kire\u00e7 \u00c7\u00f6z\u00fcc\u00fclerimiz cildiniz i\u00e7in g\u00fcvenlidir. Ancak bu asit i\u00e7eren bir kimyasald\u0131r, bu nedenle kendinizi ve \u00e7al\u0131\u015fanlar\u0131n\u0131z\u0131 korumak i\u00e7in t\u00fcm \u00f6nlemleri al\u0131n. SDS&#8217;mizde g\u00fcvenlik g\u00f6zl\u00fc\u011f\u00fc ve lastik eldiven kullan\u0131lmas\u0131 gerekti\u011fi belirtilmektedir. \u00dcr\u00fcnlerimizin g\u00fcvenli\u011fiyle b\u00fcy\u00fck gurur duyuyoruz ve en \u00f6nemlisi \u00e7al\u0131\u015fanlar\u0131n\u0131z\u0131 \u00f6nemsiyoruz. Herhangi bir sorunuz varsa l\u00fctfen\u00a0bizimle ileti\u015fime ge\u00e7mekten\u00a0\u00e7ekinmeyin .<\/p>\n<\/div><\/div><\/div><\/section>\n<section class='av_toggle_section av-m197i9t5-4-b803f610beca0535010d4c71a0cbe9eb'  itemscope=\"itemscope\" itemtype=\"https:\/\/schema.org\/CreativeWork\" ><div role=\"tablist\" class=\"single_toggle\" data-tags=\"{All} \"  ><p id='toggle-toggle-id-5' data-fake-id='#toggle-id-5' class='toggler  av-title-above av-inherit-font-color hasCustomColor av-inherit-border-color'  itemprop=\"headline\"  role='tab' tabindex='0' aria-controls='toggle-id-5' data-slide-speed=\"200\" data-title=\"Kire\u00e7 \u00e7\u00f6z\u00fcc\u00fclerinizi hangi reyreltme oran\u0131nda kullanmal\u0131s\u0131n\u0131z?\" data-title-open=\"\">What diluting rate should you use with your descalers?<span class=\"toggle_icon\"><span class=\"vert_icon\"><\/span><span class=\"hor_icon\"><\/span><\/span><\/p><div id='toggle-id-5' aria-labelledby='toggle-toggle-id-5' role='region' class='toggle_wrap  av-title-above'  ><div class='toggle_content invers-color av-inherit-font-color hasCustomColor av-inherit-border-color'  itemprop=\"text\" ><p>If your water cooled equipment has never been cleaned before, we recommend 100%. After the first cleaning, you can use a 50\/50 water mixture. In some cases, you can use even less .<\/p>\n<\/div><\/div><\/div><\/section>\n<section class='av_toggle_section av-m197i9t5-3-e09b7025ab52e52b15a7f6d3bad537aa'  itemscope=\"itemscope\" itemtype=\"https:\/\/schema.org\/CreativeWork\" ><div role=\"tablist\" class=\"single_toggle\" data-tags=\"{All} \"  ><p id='toggle-toggle-id-6' data-fake-id='#toggle-id-6' class='toggler  av-title-above av-inherit-font-color hasCustomColor av-inherit-border-color'  itemprop=\"headline\"  role='tab' tabindex='0' aria-controls='toggle-id-6' data-slide-speed=\"200\" data-title=\"Neden bu kadar \u00e7ok farkl\u0131 tipte kire\u00e7 \u00e7\u00f6z\u00fcc\u00fc sunuyoruz?\" data-title-open=\"\">Why do we offer so many different types of descalers?<span class=\"toggle_icon\"><span class=\"vert_icon\"><\/span><span class=\"hor_icon\"><\/span><\/span><\/p><div id='toggle-id-6' aria-labelledby='toggle-toggle-id-6' role='region' class='toggle_wrap  av-title-above'  ><div class='toggle_content invers-color av-inherit-font-color hasCustomColor av-inherit-border-color'  itemprop=\"text\" ><p>Precision Dynamics, Inc. manufactures different Descaler formulas because an \u201call in one\u201d chemical Descaler is not safe on all types of metals. When our customers call to ask information about our Descalers, we always ask is what type of metal is present. It\u2019s a simple yet profound question.<\/p>\n<p>For Example, if an HCL (Hydrochloric Acid) product is used on Stainless Steel, it will over time, penetrate the passivation of the equipment and cause stress cracks.<\/p>\n<p>Please call us to better understand the proper Descaler for your machinery. Do not risk down time by destroying the metal that is present in your water cooling equipment.<\/p>\n<\/div><\/div><\/div><\/section>\n<\/div><\/p><\/div><div  class='flex_column av-3d31-af5edd91d26b855fe8698ea4c7b2ead5 av_one_fourth  avia-builder-el-3  el_after_av_three_fourth  avia-builder-el-last  flex_column_div'     ><style type=\"text\/css\" data-created_by=\"avia_inline_auto\" id=\"style-css-av-m197f99w-36cef190730f11f7058c297784a79117\">\n.avia-image-container.av-m197f99w-36cef190730f11f7058c297784a79117 img.avia_image{\nbox-shadow:none;\n}\n.avia-image-container.av-m197f99w-36cef190730f11f7058c297784a79117 .av-image-caption-overlay-center{\ncolor:#ffffff;\n}\n<\/style>\n<div  class='avia-image-container av-m197f99w-36cef190730f11f7058c297784a79117 av-styling- avia-align-center  avia-builder-el-4  avia-builder-el-no-sibling'   itemprop=\"image\" itemscope=\"itemscope\" itemtype=\"https:\/\/schema.org\/ImageObject\" ><div class=\"avia-image-container-inner\"><div class=\"avia-image-overlay-wrap\"><img decoding=\"async\" fetchpriority=\"high\" class='wp-image-177 avia-img-lazy-loading-not-177 avia_image' src=\"https:\/\/dynamicdescaler.tr\/wp-content\/uploads\/2024\/09\/dynamic-descaler-faq.jpg\" alt='' title='dynamic-descaler-faq'  height=\"315\" width=\"225\"  itemprop=\"thumbnailUrl\" srcset=\"https:\/\/dynamicdescaler.tr\/wp-content\/uploads\/2024\/09\/dynamic-descaler-faq.jpg 225w, https:\/\/dynamicdescaler.tr\/wp-content\/uploads\/2024\/09\/dynamic-descaler-faq-214x300.jpg 214w, https:\/\/dynamicdescaler.tr\/wp-content\/uploads\/2024\/09\/dynamic-descaler-faq-9x12.jpg 9w\" sizes=\"(max-width: 225px) 100vw, 225px\" \/><\/div><\/div><\/div><\/div><\/p>","protected":false},"excerpt":{"rendered":"","protected":false},"author":1,"featured_media":0,"parent":0,"menu_order":0,"comment_status":"closed","ping_status":"closed","template":"","meta":{"footnotes":""},"class_list":["post-25","page","type-page","status-publish","hentry"],"_links":{"self":[{"href":"https:\/\/dynamicdescaler.tr\/en\/wp-json\/wp\/v2\/pages\/25","targetHints":{"allow":["GET"]}}],"collection":[{"href":"https:\/\/dynamicdescaler.tr\/en\/wp-json\/wp\/v2\/pages"}],"about":[{"href":"https:\/\/dynamicdescaler.tr\/en\/wp-json\/wp\/v2\/types\/page"}],"author":[{"embeddable":true,"href":"https:\/\/dynamicdescaler.tr\/en\/wp-json\/wp\/v2\/users\/1"}],"replies":[{"embeddable":true,"href":"https:\/\/dynamicdescaler.tr\/en\/wp-json\/wp\/v2\/comments?post=25"}],"version-history":[{"count":4,"href":"https:\/\/dynamicdescaler.tr\/en\/wp-json\/wp\/v2\/pages\/25\/revisions"}],"predecessor-version":[{"id":180,"href":"https:\/\/dynamicdescaler.tr\/en\/wp-json\/wp\/v2\/pages\/25\/revisions\/180"}],"wp:attachment":[{"href":"https:\/\/dynamicdescaler.tr\/en\/wp-json\/wp\/v2\/media?parent=25"}],"curies":[{"name":"wp","href":"https:\/\/api.w.org\/{rel}","templated":true}]}}